{"id":113,"date":"2026-02-25T17:49:48","date_gmt":"2026-02-25T16:49:48","guid":{"rendered":"https:\/\/mmalik.timanzeldigital.com\/malik-test\/?page_id=113"},"modified":"2026-03-02T19:26:52","modified_gmt":"2026-03-02T18:26:52","slug":"magic-malik-on-tour","status":"publish","type":"page","link":"https:\/\/mmalik.timanzeldigital.com\/malik-test\/index.php\/magic-malik-on-tour\/","title":{"rendered":"Magic Malik on tour !"},"content":{"rendered":"\t\t<div data-elementor-type=\"wp-page\" data-elementor-id=\"113\" class=\"elementor elementor-113\">\n\t\t\t\t<div class=\"elementor-element elementor-element-e13bb2c e-flex e-con-boxed e-con e-parent\" data-id=\"e13bb2c\" data-element_type=\"container\" data-e-type=\"container\">\n\t\t\t\t\t<div class=\"e-con-inner\">\n\t\t\t\t<div class=\"elementor-element elementor-element-0cb649b elementor-widget elementor-widget-text-editor\" data-id=\"0cb649b\" data-element_type=\"widget\" data-e-type=\"widget\" data-widget_type=\"text-editor.default\">\n\t\t\t\t\t\t\t\t\t<p class=\"p1\">Vous trouverez ici mes dates de concert et mon actualit\u00e9, ainsi que celle des projets que je porte sur sc\u00e8ne.<\/p><p class=\"p1\">Chaque formation, chaque groupe, chaque cr\u00e9ation en tourn\u00e9e constitue un territoire particulier, avec sa propre \u00e9nergie, son \u00e9criture et son rapport au public.<\/p><p class=\"p1\">Cette page rassemble ces trajectoires en mouvement : les concerts \u00e0 venir, les projets actuellement actifs, et les informations n\u00e9cessaires pour les d\u00e9couvrir ou les accueillir.<\/p>\t\t\t\t\t\t\t\t<\/div>\n\t\t\t\t\t<\/div>\n\t\t\t\t<\/div>\n\t\t<div class=\"elementor-element elementor-element-09e6771 e-flex e-con-boxed e-con e-parent\" data-id=\"09e6771\" data-element_type=\"container\" data-e-type=\"container\">\n\t\t\t\t\t<div class=\"e-con-inner\">\n\t\t\t\t<div class=\"elementor-element elementor-element-a747fe3 elementor-widget elementor-widget-heading\" data-id=\"a747fe3\" data-element_type=\"widget\" data-e-type=\"widget\" data-widget_type=\"heading.default\">\n\t\t\t\t\t<h2 class=\"elementor-heading-title elementor-size-default\">Prochaines dates<\/h2>\t\t\t\t<\/div>\n\t\t\t\t\t<\/div>\n\t\t\t\t<\/div>\n\t\t<div class=\"elementor-element elementor-element-db0f817 e-flex e-con-boxed e-con e-parent\" data-id=\"db0f817\" data-element_type=\"container\" data-e-type=\"container\">\n\t\t\t\t\t<div class=\"e-con-inner\">\n\t\t\t\t<div class=\"elementor-element elementor-element-fe904bd elementor-grid-eael-col-3 elementor-grid-tablet-eael-col-2 elementor-grid-mobile-eael-col-1 elementor-widget elementor-widget-eael-post-grid\" data-id=\"fe904bd\" data-element_type=\"widget\" data-e-type=\"widget\" data-settings=\"{&quot;eael_post_grid_columns&quot;:&quot;eael-col-3&quot;,&quot;eael_post_grid_columns_tablet&quot;:&quot;eael-col-2&quot;,&quot;eael_post_grid_columns_mobile&quot;:&quot;eael-col-1&quot;}\" data-widget_type=\"eael-post-grid.default\">\n\t\t\t\t\t<div id=\"eael-post-grid-fe904bd\" class=\"eael-post-grid-container\">\n            <div class=\"eael-post-grid eael-post-appender eael-post-appender-fe904bd eael-post-grid-style-one\" data-layout-mode=\"masonry\"><article class=\"eael-grid-post  eael-post-grid-column eael-pg-post-181\" data-id=\"181\">\n        <div class=\"eael-grid-post-holder\">\n            <div class=\"eael-grid-post-holder-inner\"><div class=\"eael-entry-wrapper\"><header class=\"eael-entry-header\"><h2 class=\"eael-entry-title\"><a class=\"eael-grid-post-link\" href=\"https:\/\/mmalik.timanzeldigital.com\/malik-test\/index.php\/concert\/concert-groupe-1\/\" title=\"Concert Groupe 1\">Concert Groupe 1<\/a><\/h2><\/header><div class=\"eael-entry-content\">\n                        <div class=\"eael-grid-post-excerpt\"><p>Vous devez \u00eatre conect\u00e9(e) pour voir ce contenu<\/p><\/div>\n                    <\/div><div class=\"eael-entry-footer\"><div class=\"eael-author-avatar\"><a href=\"https:\/\/mmalik.timanzeldigital.com\/malik-test\/index.php\/author\/magic-malik\/\"><img alt='magic-malik' src='https:\/\/secure.gravatar.com\/avatar\/3998ab15e3814b6f386af72cd224705b63050f59ffc3bb42361a8ca6251751f8?s=96&#038;d=mm&#038;r=g' srcset='https:\/\/secure.gravatar.com\/avatar\/3998ab15e3814b6f386af72cd224705b63050f59ffc3bb42361a8ca6251751f8?s=192&#038;d=mm&#038;r=g 2x' class='avatar avatar-96 photo' height='96' width='96' \/><\/a><\/div><div class=\"eael-entry-meta\"><span class=\"eael-posted-by\"><a href=\"https:\/\/mmalik.timanzeldigital.com\/malik-test\/index.php\/author\/magic-malik\/\" title=\"Posts by magic-malik\" rel=\"author\">magic-malik<\/a><\/span><span class=\"eael-posted-on\"><time datetime=\"25 f\u00e9vrier 2026\">25 f\u00e9vrier 2026<\/time><\/span><\/div><\/div><\/div><\/div>\n        <\/div>\n    <\/article><article class=\"eael-grid-post  eael-post-grid-column eael-pg-post-214\" data-id=\"214\">\n        <div class=\"eael-grid-post-holder\">\n            <div class=\"eael-grid-post-holder-inner\"><div class=\"eael-entry-wrapper\"><header class=\"eael-entry-header\"><h2 class=\"eael-entry-title\"><a class=\"eael-grid-post-link\" href=\"https:\/\/mmalik.timanzeldigital.com\/malik-test\/index.php\/concert\/concert-groupe-2\/\" title=\"Concert Groupe 2\">Concert Groupe 2<\/a><\/h2><\/header><div class=\"eael-entry-content\">\n                        <div class=\"eael-grid-post-excerpt\"><p><\/p><\/div>\n                    <\/div><div class=\"eael-entry-footer\"><div class=\"eael-author-avatar\"><a href=\"https:\/\/mmalik.timanzeldigital.com\/malik-test\/index.php\/author\/magic-malik\/\"><img alt='magic-malik' src='https:\/\/secure.gravatar.com\/avatar\/3998ab15e3814b6f386af72cd224705b63050f59ffc3bb42361a8ca6251751f8?s=96&#038;d=mm&#038;r=g' srcset='https:\/\/secure.gravatar.com\/avatar\/3998ab15e3814b6f386af72cd224705b63050f59ffc3bb42361a8ca6251751f8?s=192&#038;d=mm&#038;r=g 2x' class='avatar avatar-96 photo' height='96' width='96' \/><\/a><\/div><div class=\"eael-entry-meta\"><span class=\"eael-posted-by\"><a href=\"https:\/\/mmalik.timanzeldigital.com\/malik-test\/index.php\/author\/magic-malik\/\" title=\"Posts by magic-malik\" rel=\"author\">magic-malik<\/a><\/span><span class=\"eael-posted-on\"><time datetime=\"25 f\u00e9vrier 2026\">25 f\u00e9vrier 2026<\/time><\/span><\/div><\/div><\/div><\/div>\n        <\/div>\n    <\/article><article class=\"eael-grid-post  eael-post-grid-column eael-pg-post-215\" data-id=\"215\">\n        <div class=\"eael-grid-post-holder\">\n            <div class=\"eael-grid-post-holder-inner\"><div class=\"eael-entry-wrapper\"><header class=\"eael-entry-header\"><h2 class=\"eael-entry-title\"><a class=\"eael-grid-post-link\" href=\"https:\/\/mmalik.timanzeldigital.com\/malik-test\/index.php\/concert\/concert-groupe-3\/\" title=\"Concert Groupe 3\">Concert Groupe 3<\/a><\/h2><\/header><div class=\"eael-entry-content\">\n                        <div class=\"eael-grid-post-excerpt\"><p><\/p><\/div>\n                    <\/div><div class=\"eael-entry-footer\"><div class=\"eael-author-avatar\"><a href=\"https:\/\/mmalik.timanzeldigital.com\/malik-test\/index.php\/author\/magic-malik\/\"><img alt='magic-malik' src='https:\/\/secure.gravatar.com\/avatar\/3998ab15e3814b6f386af72cd224705b63050f59ffc3bb42361a8ca6251751f8?s=96&#038;d=mm&#038;r=g' srcset='https:\/\/secure.gravatar.com\/avatar\/3998ab15e3814b6f386af72cd224705b63050f59ffc3bb42361a8ca6251751f8?s=192&#038;d=mm&#038;r=g 2x' class='avatar avatar-96 photo' height='96' width='96' \/><\/a><\/div><div class=\"eael-entry-meta\"><span class=\"eael-posted-by\"><a href=\"https:\/\/mmalik.timanzeldigital.com\/malik-test\/index.php\/author\/magic-malik\/\" title=\"Posts by magic-malik\" rel=\"author\">magic-malik<\/a><\/span><span class=\"eael-posted-on\"><time datetime=\"25 f\u00e9vrier 2026\">25 f\u00e9vrier 2026<\/time><\/span><\/div><\/div><\/div><\/div>\n        <\/div>\n    <\/article><\/div>\n            <div class=\"clearfix\"><\/div>\n        <\/div>\t\t\t\t<\/div>\n\t\t\t\t\t<\/div>\n\t\t\t\t<\/div>\n\t\t<div class=\"elementor-element elementor-element-bd39af9 e-flex e-con-boxed e-con e-parent\" data-id=\"bd39af9\" data-element_type=\"container\" data-e-type=\"container\">\n\t\t\t\t\t<div class=\"e-con-inner\">\n\t\t<div class=\"elementor-element elementor-element-e5ae99f e-con-full e-flex e-con e-child\" data-id=\"e5ae99f\" data-element_type=\"container\" data-e-type=\"container\">\n\t\t\t\t<div class=\"elementor-element elementor-element-a73a7ac elementor-widget elementor-widget-text-editor\" data-id=\"a73a7ac\" data-element_type=\"widget\" data-e-type=\"widget\" data-widget_type=\"text-editor.default\">\n\t\t\t\t\t\t\t\t\t<p><a href=\"https:\/\/mmalik.timanzeldigital.com\/malik-test\/index.php\/groupe-1\/\" data-wplink-url-error=\"true\">Groupe 1<\/a><\/p>\t\t\t\t\t\t\t\t<\/div>\n\t\t\t\t<\/div>\n\t\t<div class=\"elementor-element elementor-element-3dbf702 e-con-full e-flex e-con e-child\" data-id=\"3dbf702\" data-element_type=\"container\" data-e-type=\"container\">\n\t\t\t\t<div class=\"elementor-element elementor-element-5e645b7 elementor-widget elementor-widget-text-editor\" data-id=\"5e645b7\" data-element_type=\"widget\" data-e-type=\"widget\" data-widget_type=\"text-editor.default\">\n\t\t\t\t\t\t\t\t\t<p><a href=\"https:\/\/mmalik.timanzeldigital.com\/malik-test\/index.php\/groupe-2\/\" data-wplink-url-error=\"true\">Groupe 2<\/a><\/p>\t\t\t\t\t\t\t\t<\/div>\n\t\t\t\t<\/div>\n\t\t<div class=\"elementor-element elementor-element-2f999e4 e-con-full e-flex e-con e-child\" data-id=\"2f999e4\" data-element_type=\"container\" data-e-type=\"container\">\n\t\t\t\t<div class=\"elementor-element elementor-element-d891abb elementor-widget elementor-widget-text-editor\" data-id=\"d891abb\" data-element_type=\"widget\" data-e-type=\"widget\" data-widget_type=\"text-editor.default\">\n\t\t\t\t\t\t\t\t\t<p><a href=\"https:\/\/mmalik.timanzeldigital.com\/malik-test\/index.php\/groupe-3\/\" data-wplink-url-error=\"true\">Groupe 3<\/a><\/p>\t\t\t\t\t\t\t\t<\/div>\n\t\t\t\t<\/div>\n\t\t<div class=\"elementor-element elementor-element-26d9da9 e-con-full e-flex e-con e-child\" data-id=\"26d9da9\" data-element_type=\"container\" data-e-type=\"container\">\n\t\t\t\t<\/div>\n\t\t<div class=\"elementor-element elementor-element-bdf29d9 e-con-full e-flex e-con e-child\" data-id=\"bdf29d9\" data-element_type=\"container\" data-e-type=\"container\">\n\t\t\t\t<\/div>\n\t\t<div class=\"elementor-element elementor-element-c4a42e9 e-con-full e-flex e-con e-child\" data-id=\"c4a42e9\" data-element_type=\"container\" data-e-type=\"container\">\n\t\t\t\t<\/div>\n\t\t\t\t\t<\/div>\n\t\t\t\t<\/div>\n\t\t\t\t<\/div>\n\t\t","protected":false},"excerpt":{"rendered":"<p>Vous trouverez ici mes dates de concert et mon actualit\u00e9, ainsi que celle des projets que je porte sur sc\u00e8ne. Chaque formation, chaque groupe, chaque cr\u00e9ation en tourn\u00e9e constitue un [&hellip;]<\/p>\n","protected":false},"author":1,"featured_media":0,"parent":0,"menu_order":0,"comment_status":"closed","ping_status":"closed","template":"","meta":{"_acf_changed":false,"footnotes":""},"class_list":["post-113","page","type-page","status-publish","hentry"],"blocksy_meta":[],"acf":[],"_links":{"self":[{"href":"https:\/\/mmalik.timanzeldigital.com\/malik-test\/index.php\/wp-json\/wp\/v2\/pages\/113","targetHints":{"allow":["GET"]}}],"collection":[{"href":"https:\/\/mmalik.timanzeldigital.com\/malik-test\/index.php\/wp-json\/wp\/v2\/pages"}],"about":[{"href":"https:\/\/mmalik.timanzeldigital.com\/malik-test\/index.php\/wp-json\/wp\/v2\/types\/page"}],"author":[{"embeddable":true,"href":"https:\/\/mmalik.timanzeldigital.com\/malik-test\/index.php\/wp-json\/wp\/v2\/users\/1"}],"replies":[{"embeddable":true,"href":"https:\/\/mmalik.timanzeldigital.com\/malik-test\/index.php\/wp-json\/wp\/v2\/comments?post=113"}],"version-history":[{"count":13,"href":"https:\/\/mmalik.timanzeldigital.com\/malik-test\/index.php\/wp-json\/wp\/v2\/pages\/113\/revisions"}],"predecessor-version":[{"id":347,"href":"https:\/\/mmalik.timanzeldigital.com\/malik-test\/index.php\/wp-json\/wp\/v2\/pages\/113\/revisions\/347"}],"wp:attachment":[{"href":"https:\/\/mmalik.timanzeldigital.com\/malik-test\/index.php\/wp-json\/wp\/v2\/media?parent=113"}],"curies":[{"name":"wp","href":"https:\/\/api.w.org\/{rel}","templated":true}]}}