{"id":12,"date":"2026-01-31T15:53:32","date_gmt":"2026-01-31T14:53:32","guid":{"rendered":"https:\/\/mmalik.timanzeldigital.com\/malik-test\/?page_id=12"},"modified":"2026-01-31T18:36:54","modified_gmt":"2026-01-31T17:36:54","slug":"espace-abonne","status":"publish","type":"page","link":"https:\/\/mmalik.timanzeldigital.com\/malik-test\/index.php\/espace-abonne\/","title":{"rendered":"Espace abonn\u00e9"},"content":{"rendered":"\n<p>Cet espace permet l&rsquo;acc\u00e8s \u00e0 l\u2019ensemble du travail document\u00e9 autour du livre en cours de cr\u00e9ation. Il regroupe des contenus complets et\/ou r\u00e9cents : textes de travail, archives sonores, partitions, documents interm\u00e9diaires et notes m\u00e9thodologiques.<\/p>\n\n\n\n<p>Ces \u00e9l\u00e9ments vont vous permettre de suivre de mani\u00e8re plus pr\u00e9cise l\u2019\u00e9volution du projet, ses d\u00e9placements et ses choix.<\/p>\n\n\n\n<p>L\u2019abonnement ne correspond pas \u00e0 une prestation de service, mais \u00e0 un soutien apport\u00e9 \u00e0 un travail artistique et de recherche men\u00e9 dans la dur\u00e9e.<\/p>\n\n\n\n<p><br>\n<form id=\"pms_register-form\" class=\"pms-form \" method=\"POST\">\n\n    \n    <input type=\"hidden\" id=\"pmstkn\" name=\"pmstkn\" value=\"ae1c64d9fe\" \/><input type=\"hidden\" name=\"_wp_http_referer\" value=\"\/malik-test\/index.php\/wp-json\/wp\/v2\/pages\/12\" \/>\n    <ul class=\"pms-form-fields-wrapper\">\n\n        \n        \n        <div class=\"pms-account-section-wrapper\">\n            \n                        <li class=\"pms-field pms-user-login-field \">\n                <label for=\"pms_user_login\">Identifiant (Pr\u00e9nom Nom) *<\/label>\n                <input id=\"pms_user_login\" name=\"user_login\" type=\"text\" value=\"\" \/>\n\n                            <\/li>\n\n                        <li class=\"pms-field pms-user-email-field \">\n                <label for=\"pms_user_email\">E-mail *<\/label>\n                <input id=\"pms_user_email\" name=\"user_email\" type=\"text\" value=\"\" \/>\n\n                            <\/li>\n\n                        <li class=\"pms-field pms-first-name-field \">\n                <label for=\"pms_first_name\">Pr\u00e9nom<\/label>\n                <input id=\"pms_first_name\" name=\"first_name\" type=\"text\" value=\"\" \/>\n\n                            <\/li>\n\n                        <li class=\"pms-field pms-last-name-field \">\n                <label for=\"pms_last_name\">Nom<\/label>\n                <input id=\"pms_last_name\" name=\"last_name\" type=\"text\" value=\"\" \/>\n\n                            <\/li>\n\n                        <li class=\"pms-field pms-pass1-field \">\n                <label for=\"pms_pass1\">Mot de passe *<\/label>\n                <input id=\"pms_pass1\" name=\"pass1\" type=\"password\" \/>\n\n                \n                            <\/li>\n\n                        <li class=\"pms-field pms-pass2-field \">\n                <label for=\"pms_pass2\">Confirmer le mot de passe *<\/label>\n                <input id=\"pms_pass2\" name=\"pass2\" type=\"password\" \/>\n\n                            <\/li>\n\n                    <\/div>\n\n        \n        <li class=\"pms-field pms-field-subscriptions \"><div class=\"pms-subscription-plan pms-hidden pms-subscription-plan-47\"><input type=\"hidden\" name=\"subscription_plans\" data-price=\"300\" data-duration=\"1\" data-fixed_membership=\"\" data-allow_renew=\"\" data-sign_up_fee=\"0\" data-trial=\"0\" data-recurring=\"2\"  value=\"47\" \/><label><span class=\"pms-subscription-plan-name\">Abonn\u00e9<\/span><span class=\"pms-subscription-plan-price\"><span class=\"pms-divider\"> - <\/span><span class=\"pms-subscription-plan-billing-cycles \">12 payments of <\/span><span class=\"pms-divider\"> - <\/span><span class=\"pms-subscription-plan-price-value\">300<\/span><span class=\"pms-subscription-plan-currency\">&#36;<\/span><span class=\"pms-divider pms-duration-divider\"> \/ <\/span><span class=\"pms-subscription-plan-duration\">1 An<\/span><\/span><span class=\"pms-subscription-plan-trial\"><\/span><span class=\"pms-subscription-plan-sign-up-fee\"><\/span><\/label><\/div><\/li>\n    <\/ul>\n\n    <span id=\"pms-submit-button-loading-placeholder-text\" style=\"display: none;\">En cours. Patientez, s&#039;il vous pla\u00eet...<\/span><div class=\"pms-paygates-holder\"><div id=\"pms-paygates-wrapper\"><input type=\"hidden\" class=\"pms_pay_gate\" name=\"pay_gate\" value=\"stripe_connect\" data-sign_up_fee=\"1\" data-trial=\"1\" data-recurring=\"1\"  data-type=\"extra_fields\" \/><\/div><\/div><input type=\"hidden\" id=\"pms-process-checkout-nonce\" name=\"pms_process_checkout_nonce\" value=\"9945457dc4\"\/>\n            <input class=\"pms-form-submit\" name=\"pms_register\" type=\"submit\" value=\"S&#039;inscrire\" \/>\n    \n<\/form>\n<\/p>\n","protected":false},"excerpt":{"rendered":"<p>Cet espace permet l&rsquo;acc\u00e8s \u00e0 l\u2019ensemble du travail document\u00e9 autour du livre en cours de cr\u00e9ation. Il regroupe des contenus complets et\/ou r\u00e9cents : textes de travail, archives sonores, partitions, [&hellip;]<\/p>\n","protected":false},"author":1,"featured_media":0,"parent":0,"menu_order":0,"comment_status":"closed","ping_status":"closed","template":"","meta":{"_acf_changed":false,"footnotes":""},"class_list":["post-12","page","type-page","status-publish","hentry"],"blocksy_meta":[],"acf":[],"_links":{"self":[{"href":"https:\/\/mmalik.timanzeldigital.com\/malik-test\/index.php\/wp-json\/wp\/v2\/pages\/12","targetHints":{"allow":["GET"]}}],"collection":[{"href":"https:\/\/mmalik.timanzeldigital.com\/malik-test\/index.php\/wp-json\/wp\/v2\/pages"}],"about":[{"href":"https:\/\/mmalik.timanzeldigital.com\/malik-test\/index.php\/wp-json\/wp\/v2\/types\/page"}],"author":[{"embeddable":true,"href":"https:\/\/mmalik.timanzeldigital.com\/malik-test\/index.php\/wp-json\/wp\/v2\/users\/1"}],"replies":[{"embeddable":true,"href":"https:\/\/mmalik.timanzeldigital.com\/malik-test\/index.php\/wp-json\/wp\/v2\/comments?post=12"}],"version-history":[{"count":2,"href":"https:\/\/mmalik.timanzeldigital.com\/malik-test\/index.php\/wp-json\/wp\/v2\/pages\/12\/revisions"}],"predecessor-version":[{"id":46,"href":"https:\/\/mmalik.timanzeldigital.com\/malik-test\/index.php\/wp-json\/wp\/v2\/pages\/12\/revisions\/46"}],"wp:attachment":[{"href":"https:\/\/mmalik.timanzeldigital.com\/malik-test\/index.php\/wp-json\/wp\/v2\/media?parent=12"}],"curies":[{"name":"wp","href":"https:\/\/api.w.org\/{rel}","templated":true}]}}