{"id":14,"date":"2026-01-31T15:54:26","date_gmt":"2026-01-31T14:54:26","guid":{"rendered":"https:\/\/mmalik.timanzeldigital.com\/malik-test\/?page_id=14"},"modified":"2026-01-31T15:54:26","modified_gmt":"2026-01-31T14:54:26","slug":"a-propos","status":"publish","type":"page","link":"https:\/\/mmalik.timanzeldigital.com\/malik-test\/index.php\/a-propos\/","title":{"rendered":"\u00c0 propos"},"content":{"rendered":"\n<p>Ce site accompagne un projet de cr\u00e9ation artistique structur\u00e9 autour de l\u2019\u00e9criture d\u2019un livre.<\/p>\n\n\n\n<p>Le travail de l\u2019artiste se d\u00e9ploie \u00e0 la crois\u00e9e de plusieurs pratiques : composition, \u00e9criture, improvisation, transmission et recherche formelle.<\/p>\n\n\n\n<p>Le livre en pr\u00e9paration vise \u00e0 rassembler et articuler ces approches au sein d\u2019un cadre coh\u00e9rent.<\/p>\n\n\n\n<p>Les contenus publi\u00e9s sur le site constituent une documentation progressive de ce travail : ils rendent compte \u00e0 la fois des m\u00e9thodes employ\u00e9es et des formes produites, sans se limiter \u00e0 un r\u00e9sultat final.<\/p>\n","protected":false},"excerpt":{"rendered":"<p>Ce site accompagne un projet de cr\u00e9ation artistique structur\u00e9 autour de l\u2019\u00e9criture d\u2019un livre. Le travail de l\u2019artiste se d\u00e9ploie \u00e0 la crois\u00e9e de plusieurs pratiques : composition, \u00e9criture, improvisation, [&hellip;]<\/p>\n","protected":false},"author":1,"featured_media":0,"parent":0,"menu_order":0,"comment_status":"closed","ping_status":"closed","template":"","meta":{"_acf_changed":false,"footnotes":""},"class_list":["post-14","page","type-page","status-publish","hentry"],"blocksy_meta":[],"acf":[],"_links":{"self":[{"href":"https:\/\/mmalik.timanzeldigital.com\/malik-test\/index.php\/wp-json\/wp\/v2\/pages\/14","targetHints":{"allow":["GET"]}}],"collection":[{"href":"https:\/\/mmalik.timanzeldigital.com\/malik-test\/index.php\/wp-json\/wp\/v2\/pages"}],"about":[{"href":"https:\/\/mmalik.timanzeldigital.com\/malik-test\/index.php\/wp-json\/wp\/v2\/types\/page"}],"author":[{"embeddable":true,"href":"https:\/\/mmalik.timanzeldigital.com\/malik-test\/index.php\/wp-json\/wp\/v2\/users\/1"}],"replies":[{"embeddable":true,"href":"https:\/\/mmalik.timanzeldigital.com\/malik-test\/index.php\/wp-json\/wp\/v2\/comments?post=14"}],"version-history":[{"count":1,"href":"https:\/\/mmalik.timanzeldigital.com\/malik-test\/index.php\/wp-json\/wp\/v2\/pages\/14\/revisions"}],"predecessor-version":[{"id":15,"href":"https:\/\/mmalik.timanzeldigital.com\/malik-test\/index.php\/wp-json\/wp\/v2\/pages\/14\/revisions\/15"}],"wp:attachment":[{"href":"https:\/\/mmalik.timanzeldigital.com\/malik-test\/index.php\/wp-json\/wp\/v2\/media?parent=14"}],"curies":[{"name":"wp","href":"https:\/\/api.w.org\/{rel}","templated":true}]}}