{"id":172,"date":"2026-02-25T21:51:40","date_gmt":"2026-02-25T20:51:40","guid":{"rendered":"https:\/\/mmalik.timanzeldigital.com\/malik-test\/?page_id=172"},"modified":"2026-02-26T02:34:45","modified_gmt":"2026-02-26T01:34:45","slug":"groupe-1","status":"publish","type":"page","link":"https:\/\/mmalik.timanzeldigital.com\/malik-test\/index.php\/groupe-1\/","title":{"rendered":"Groupe 1"},"content":{"rendered":"\t\t<div data-elementor-type=\"wp-page\" data-elementor-id=\"172\" class=\"elementor elementor-172\">\n\t\t\t\t<div class=\"elementor-element elementor-element-fdea229 e-flex e-con-boxed e-con e-parent\" data-id=\"fdea229\" data-element_type=\"container\" data-e-type=\"container\">\n\t\t\t\t\t<div class=\"e-con-inner\">\n\t\t\t\t<div class=\"elementor-element elementor-element-50be824 elementor-widget elementor-widget-shortcode\" data-id=\"50be824\" data-element_type=\"widget\" data-e-type=\"widget\" data-widget_type=\"shortcode.default\">\n\t\t\t\t\t\t\t<div class=\"elementor-shortcode\"><section class=\"groupe-hero\"><div class=\"groupe-hero__media\"><img decoding=\"async\" src=\"https:\/\/mmalik.timanzeldigital.com\/malik-test\/wp-content\/uploads\/2026\/02\/482319639_1039570651328109_5389126584188297179_n.jpg\" alt=\"Groupe 1\" loading=\"lazy\"><\/div><div class=\"groupe-hero__content\"><h1 class=\"groupe-hero__title\">Groupe 1<\/h1><div class=\"groupe-hero__desc\"><p class=\"p1\">Magic Malik Orchestra est un ensemble \u00e0 g\u00e9om\u00e9trie variable, pens\u00e9 comme un laboratoire vivant de composition et d\u2019improvisation collective.<\/p>\n<p class=\"p1\">Au croisement du jazz contemporain, des musiques improvis\u00e9es et des influences multiples qui traversent le parcours de Magic Malik, l\u2019orchestre explore les tensions entre \u00e9criture et libert\u00e9, structure et \u00e9lan, densit\u00e9 et respiration.<\/p>\n<p class=\"p1\">Chaque concert devient un espace de circulation : les motifs se transforment, les lignes s\u2019entrelacent, les individualit\u00e9s dialoguent dans une architecture sonore en mouvement. L\u2019orchestre n\u2019est pas seulement une formation instrumentale ; il est un organisme collectif, o\u00f9 la composition agit comme une matrice ouverte, capable d\u2019accueillir l\u2019impr\u00e9vu.<\/p>\n<p class=\"p1\">Magic Malik Orchestra propose une musique exigeante et vibrante, \u00e0 la fois ancr\u00e9e dans la tradition du jazz et r\u00e9solument tourn\u00e9e vers l\u2019exploration des formes nouvelles.<\/p>\n<\/div><div class=\"groupe-docs\"><a class=\"groupe-docs__btn\" href=\"https:\/\/mmalik.timanzeldigital.com\/malik-test\/wp-content\/uploads\/2026\/02\/theoriques.pdf\" target=\"_blank\" rel=\"noopener\"><i class=\"fa fa-file-pdf\"><\/i> Dossier technique<\/a><a class=\"groupe-docs__btn\" href=\"https:\/\/mmalik.timanzeldigital.com\/malik-test\/wp-content\/uploads\/2026\/02\/theoriques.pdf\" target=\"_blank\" rel=\"noopener\"><i class=\"fa fa-file-pdf\"><\/i> Dossier artistique<\/a><\/div><\/div><\/section><h2 class=\"groupe-section-title\">Prochaines dates<\/h2><p>Aucune date \u00e0 venir pour ce groupe.<\/p><\/div>\n\t\t\t\t\t\t<\/div>\n\t\t\t\t\t<\/div>\n\t\t\t\t<\/div>\n\t\t\t\t<\/div>\n\t\t","protected":false},"excerpt":{"rendered":"","protected":false},"author":1,"featured_media":0,"parent":0,"menu_order":0,"comment_status":"closed","ping_status":"closed","template":"","meta":{"_acf_changed":false,"footnotes":""},"class_list":["post-172","page","type-page","status-publish","hentry"],"blocksy_meta":[],"acf":[],"_links":{"self":[{"href":"https:\/\/mmalik.timanzeldigital.com\/malik-test\/index.php\/wp-json\/wp\/v2\/pages\/172","targetHints":{"allow":["GET"]}}],"collection":[{"href":"https:\/\/mmalik.timanzeldigital.com\/malik-test\/index.php\/wp-json\/wp\/v2\/pages"}],"about":[{"href":"https:\/\/mmalik.timanzeldigital.com\/malik-test\/index.php\/wp-json\/wp\/v2\/types\/page"}],"author":[{"embeddable":true,"href":"https:\/\/mmalik.timanzeldigital.com\/malik-test\/index.php\/wp-json\/wp\/v2\/users\/1"}],"replies":[{"embeddable":true,"href":"https:\/\/mmalik.timanzeldigital.com\/malik-test\/index.php\/wp-json\/wp\/v2\/comments?post=172"}],"version-history":[{"count":66,"href":"https:\/\/mmalik.timanzeldigital.com\/malik-test\/index.php\/wp-json\/wp\/v2\/pages\/172\/revisions"}],"predecessor-version":[{"id":331,"href":"https:\/\/mmalik.timanzeldigital.com\/malik-test\/index.php\/wp-json\/wp\/v2\/pages\/172\/revisions\/331"}],"wp:attachment":[{"href":"https:\/\/mmalik.timanzeldigital.com\/malik-test\/index.php\/wp-json\/wp\/v2\/media?parent=172"}],"curies":[{"name":"wp","href":"https:\/\/api.w.org\/{rel}","templated":true}]}}